{"id":80,"date":"2020-05-19T14:40:02","date_gmt":"2020-05-19T12:40:02","guid":{"rendered":"https:\/\/www.suwulzeshofen.at\/?page_id=80"},"modified":"2020-06-12T16:21:06","modified_gmt":"2020-06-12T14:21:06","slug":"tennis","status":"publish","type":"page","link":"https:\/\/www.suwulzeshofen.at\/?page_id=80","title":{"rendered":"Tennis"},"content":{"rendered":"\n<p>ist ein R\u00fcckschlagspiel, das von zwei oder vier Spielern gespielt wird. Spielt ein Spieler gegen einen anderen, so wird dies Einzel genannt, spielen je zwei Spieler gegeneinander, wird dies Doppel genannt, wobei je nach Zusammensetzung vom <em>Herrendoppel<\/em> (zwei M\u00e4nner), <em>Damendoppel<\/em> (zwei Frauen) oder <em>gemischten Doppel<\/em> (<em>Mixed<\/em>) die Rede ist. Dieser fr\u00fcher in Deutschland als elit\u00e4r geltende Sport hat heute auch als Breitensport eine herausragende Bedeutung erlangt. Seit 1988 ist Tennis wieder Bestandteil der Olympischen Sommerspiele.<\/p>\n\n\n\n<div class=\"wp-block-buttons is-layout-flex wp-block-buttons-is-layout-flex\">\n<div class=\"wp-block-button\"><a class=\"wp-block-button__link\" href=\"http:\/\/www.tennis-weblog.de\/grundlagen\/tennisregeln\/tennisregeln-fuer-anfaenger-einfach-erklaert\/\">Regeln<\/a><\/div>\n<\/div>\n\n\n\n<p><\/p>\n","protected":false},"excerpt":{"rendered":"<p>ist ein R\u00fcckschlagspiel, das von zwei oder vier Spielern gespielt wird. Spielt ein Spieler gegen einen anderen, so wird dies Einzel genannt, spielen je zwei Spieler gegeneinander, wird dies Doppel genannt, wobei je nach Zusammensetzung vom Herrendoppel (zwei M\u00e4nner), Damendoppel (zwei Frauen) oder gemischten Doppel (Mixed) die Rede ist. Dieser fr\u00fcher in Deutschland als elit\u00e4r&hellip;&nbsp;<a href=\"https:\/\/www.suwulzeshofen.at\/?page_id=80\" rel=\"bookmark\"><span class=\"screen-reader-text\">Tennis<\/span><\/a><\/p>\n","protected":false},"author":1,"featured_media":0,"parent":0,"menu_order":0,"comment_status":"closed","ping_status":"closed","template":"","meta":{"pmpro_default_level":"","neve_meta_sidebar":"","neve_meta_container":"","neve_meta_enable_content_width":"off","neve_meta_content_width":0,"neve_meta_title_alignment":"","neve_meta_author_avatar":"","neve_post_elements_order":"","neve_meta_disable_header":"","neve_meta_disable_footer":"","neve_meta_disable_title":"","footnotes":""},"class_list":["post-80","page","type-page","status-publish","hentry","pmpro-has-access"],"_links":{"self":[{"href":"https:\/\/www.suwulzeshofen.at\/index.php?rest_route=\/wp\/v2\/pages\/80","targetHints":{"allow":["GET"]}}],"collection":[{"href":"https:\/\/www.suwulzeshofen.at\/index.php?rest_route=\/wp\/v2\/pages"}],"about":[{"href":"https:\/\/www.suwulzeshofen.at\/index.php?rest_route=\/wp\/v2\/types\/page"}],"author":[{"embeddable":true,"href":"https:\/\/www.suwulzeshofen.at\/index.php?rest_route=\/wp\/v2\/users\/1"}],"replies":[{"embeddable":true,"href":"https:\/\/www.suwulzeshofen.at\/index.php?rest_route=%2Fwp%2Fv2%2Fcomments&post=80"}],"version-history":[{"count":2,"href":"https:\/\/www.suwulzeshofen.at\/index.php?rest_route=\/wp\/v2\/pages\/80\/revisions"}],"predecessor-version":[{"id":296,"href":"https:\/\/www.suwulzeshofen.at\/index.php?rest_route=\/wp\/v2\/pages\/80\/revisions\/296"}],"wp:attachment":[{"href":"https:\/\/www.suwulzeshofen.at\/index.php?rest_route=%2Fwp%2Fv2%2Fmedia&parent=80"}],"curies":[{"name":"wp","href":"https:\/\/api.w.org\/{rel}","templated":true}]}}