{"id":78,"date":"2020-05-19T14:39:54","date_gmt":"2020-05-19T12:39:54","guid":{"rendered":"https:\/\/www.suwulzeshofen.at\/?page_id=78"},"modified":"2020-06-12T16:24:29","modified_gmt":"2020-06-12T14:24:29","slug":"volleyball","status":"publish","type":"page","link":"https:\/\/www.suwulzeshofen.at\/?page_id=78","title":{"rendered":"Volleyball"},"content":{"rendered":"\n<p>Volleyball entstand Ende des 19. Jahrhunderts in den Vereinigten Staaten. Die Sportart wird mittlerweile weltweit betrieben. Der Weltverband FIVB umfasst 222 nationale Verb\u00e4nde und somit mehr Mitglieder als die FIFA oder die Vereinten Nationen. Seit Mitte des 20. Jahrhunderts werden Weltmeisterschaften und olympische Turniere ausgetragen. Weitere hochklassige Wettbewerbe sind die j\u00e4hrlich ausgetragene Volleyball Nations League und der Volleyball World Cup. Hinzu kommen die kontinentalen Turniere , die Europapokal-Wettbewerbe f\u00fcr Vereinsmannschaften sowie nationale Meisterschaften und Pokalwettbewerbe.<\/p>\n\n\n\n<p>Volleyball  ist eine olympische Mannschaftssportart aus der Gruppe der R\u00fcckschlagspiele. Zwei Mannschaften mit jeweils sechs Spielern stehen sich dabei auf einem durch ein Netz geteilten Spielfeld gegen\u00fcber. Ziel des Spiels ist es, einen Ball so \u00fcber das Netz zu schlagen, dass der Ball den Boden der gegnerischen Spielfeldh\u00e4lfte ber\u00fchrt oder die gegnerische Mannschaft einen Fehler begeht. Eine Mannschaft darf den Ball dreimal in Folge ber\u00fchren, um ihn zur\u00fcckzuspielen. Ein etwaiger Block z\u00e4hlt dabei nicht mit. Der Ball wird volley gespielt und darf mit jedem K\u00f6rperteil ber\u00fchrt werden, jedoch werden in der Praxis fast ausschlie\u00dflich die H\u00e4nde oder Arme verwendet.<\/p>\n","protected":false},"excerpt":{"rendered":"<p>Volleyball entstand Ende des 19. Jahrhunderts in den Vereinigten Staaten. Die Sportart wird mittlerweile weltweit betrieben. Der Weltverband FIVB umfasst 222 nationale Verb\u00e4nde und somit mehr Mitglieder als die FIFA oder die Vereinten Nationen. Seit Mitte des 20. Jahrhunderts werden Weltmeisterschaften und olympische Turniere ausgetragen. Weitere hochklassige Wettbewerbe sind die j\u00e4hrlich ausgetragene Volleyball Nations League&hellip;&nbsp;<a href=\"https:\/\/www.suwulzeshofen.at\/?page_id=78\" rel=\"bookmark\"><span class=\"screen-reader-text\">Volleyball<\/span><\/a><\/p>\n","protected":false},"author":1,"featured_media":0,"parent":0,"menu_order":0,"comment_status":"closed","ping_status":"closed","template":"","meta":{"pmpro_default_level":"","neve_meta_sidebar":"","neve_meta_container":"","neve_meta_enable_content_width":"off","neve_meta_content_width":0,"neve_meta_title_alignment":"","neve_meta_author_avatar":"","neve_post_elements_order":"","neve_meta_disable_header":"","neve_meta_disable_footer":"","neve_meta_disable_title":"","footnotes":""},"class_list":["post-78","page","type-page","status-publish","hentry","pmpro-has-access"],"_links":{"self":[{"href":"https:\/\/www.suwulzeshofen.at\/index.php?rest_route=\/wp\/v2\/pages\/78","targetHints":{"allow":["GET"]}}],"collection":[{"href":"https:\/\/www.suwulzeshofen.at\/index.php?rest_route=\/wp\/v2\/pages"}],"about":[{"href":"https:\/\/www.suwulzeshofen.at\/index.php?rest_route=\/wp\/v2\/types\/page"}],"author":[{"embeddable":true,"href":"https:\/\/www.suwulzeshofen.at\/index.php?rest_route=\/wp\/v2\/users\/1"}],"replies":[{"embeddable":true,"href":"https:\/\/www.suwulzeshofen.at\/index.php?rest_route=%2Fwp%2Fv2%2Fcomments&post=78"}],"version-history":[{"count":2,"href":"https:\/\/www.suwulzeshofen.at\/index.php?rest_route=\/wp\/v2\/pages\/78\/revisions"}],"predecessor-version":[{"id":297,"href":"https:\/\/www.suwulzeshofen.at\/index.php?rest_route=\/wp\/v2\/pages\/78\/revisions\/297"}],"wp:attachment":[{"href":"https:\/\/www.suwulzeshofen.at\/index.php?rest_route=%2Fwp%2Fv2%2Fmedia&parent=78"}],"curies":[{"name":"wp","href":"https:\/\/api.w.org\/{rel}","templated":true}]}}