{"id":76,"date":"2020-05-19T14:39:46","date_gmt":"2020-05-19T12:39:46","guid":{"rendered":"https:\/\/www.suwulzeshofen.at\/?page_id=76"},"modified":"2020-06-12T15:57:48","modified_gmt":"2020-06-12T13:57:48","slug":"crossnet","status":"publish","type":"page","link":"https:\/\/www.suwulzeshofen.at\/?page_id=76","title":{"rendered":"Crossnet"},"content":{"rendered":"\n<p>wurde 2017 in den USA erfunden und ist eine Kombination aus Volleyball und Four Square. Man spielt zu Viert in einem 4m x 4m gro\u00dfen Quadrat welches durch ein Kreuzf\u00f6rmiges Netz in 4 Quadrate zu je 2m x 2m geteilt wird. Die Netzh\u00f6he betr\u00e4gt 241cm, ist somit leicht geringer als beim (Beach)Volleyball. In jedem der Quadrate befindet sich ein Spieler. Man kann nur Punkte erzielen wenn man sich im vierten Quadrat befindet. Hinte dem ersten Quadrat befindet sich die Warteposition. Es so mehr als nur vier Spieler gleichzeitig teilnehmen. Das Ziel ist es als erster 11 Punkte zu erreichen.<\/p>\n","protected":false},"excerpt":{"rendered":"<p>wurde 2017 in den USA erfunden und ist eine Kombination aus Volleyball und Four Square. Man spielt zu Viert in einem 4m x 4m gro\u00dfen Quadrat welches durch ein Kreuzf\u00f6rmiges Netz in 4 Quadrate zu je 2m x 2m geteilt wird. Die Netzh\u00f6he betr\u00e4gt 241cm, ist somit leicht geringer als beim (Beach)Volleyball. In jedem der&hellip;&nbsp;<a href=\"https:\/\/www.suwulzeshofen.at\/?page_id=76\" rel=\"bookmark\"><span class=\"screen-reader-text\">Crossnet<\/span><\/a><\/p>\n","protected":false},"author":1,"featured_media":0,"parent":0,"menu_order":0,"comment_status":"closed","ping_status":"closed","template":"","meta":{"pmpro_default_level":"","neve_meta_sidebar":"","neve_meta_container":"","neve_meta_enable_content_width":"off","neve_meta_content_width":0,"neve_meta_title_alignment":"","neve_meta_author_avatar":"","neve_post_elements_order":"","neve_meta_disable_header":"","neve_meta_disable_footer":"","neve_meta_disable_title":"","footnotes":""},"class_list":["post-76","page","type-page","status-publish","hentry","pmpro-has-access"],"_links":{"self":[{"href":"https:\/\/www.suwulzeshofen.at\/index.php?rest_route=\/wp\/v2\/pages\/76","targetHints":{"allow":["GET"]}}],"collection":[{"href":"https:\/\/www.suwulzeshofen.at\/index.php?rest_route=\/wp\/v2\/pages"}],"about":[{"href":"https:\/\/www.suwulzeshofen.at\/index.php?rest_route=\/wp\/v2\/types\/page"}],"author":[{"embeddable":true,"href":"https:\/\/www.suwulzeshofen.at\/index.php?rest_route=\/wp\/v2\/users\/1"}],"replies":[{"embeddable":true,"href":"https:\/\/www.suwulzeshofen.at\/index.php?rest_route=%2Fwp%2Fv2%2Fcomments&post=76"}],"version-history":[{"count":2,"href":"https:\/\/www.suwulzeshofen.at\/index.php?rest_route=\/wp\/v2\/pages\/76\/revisions"}],"predecessor-version":[{"id":290,"href":"https:\/\/www.suwulzeshofen.at\/index.php?rest_route=\/wp\/v2\/pages\/76\/revisions\/290"}],"wp:attachment":[{"href":"https:\/\/www.suwulzeshofen.at\/index.php?rest_route=%2Fwp%2Fv2%2Fmedia&parent=76"}],"curies":[{"name":"wp","href":"https:\/\/api.w.org\/{rel}","templated":true}]}}