{"id":72,"date":"2020-05-19T14:39:26","date_gmt":"2020-05-19T12:39:26","guid":{"rendered":"https:\/\/www.suwulzeshofen.at\/?page_id=72"},"modified":"2020-06-29T11:16:15","modified_gmt":"2020-06-29T09:16:15","slug":"beachsoccer","status":"publish","type":"page","link":"https:\/\/www.suwulzeshofen.at\/?page_id=72","title":{"rendered":"Beachsoccer"},"content":{"rendered":"\n<p>Die Sportart entstand in den K\u00fcstenregionen Brasiliens gegen Ende des 19. Jahrhunderts. Anfangs waren es europ\u00e4ische Seeleute, die auf ihren Landg\u00e4ngen im Sand Fu\u00dfball spielten.<\/p>\n\n\n\n<p>Der Fu\u00dfball am Strand war und ist in Brasilien fester Bestandteil der Freizeitgestaltung. An selbiger Stelle fanden 1957 die ersten offiziellen Beachsoccer-Turniere statt. Seitdem werden dort auch regelm\u00e4\u00dfig professionelle Turniere durchgef\u00fchrt, die mit der Premiere der inoffiziellen Weltmeisterschaft 1995 einen zwischenzeitlichen H\u00f6hepunkt hatte. Von der Copacabana hat sich Beachsoccer anfangs nur auf die USA, dann aber sehr schnell auf die restliche Welt ausgedehnt. Das Spiel wird von zwei Mannschaften mit je f\u00fcnf Spielern (4 Feldspieler &amp; 1 Torwart) bestritten. Weiterhin gibt es drei bis maximal f\u00fcnf Erg\u00e4nzungsspieler.Die Spieler d\u00fcrfen keine Ausr\u00fcstung tragen, die andere Spieler verletzen k\u00f6nnte. Die Kleidung besteht aus einer Hose und einem Trikot. Gespielt wird barfu\u00df auf der Sandfl\u00e4che \u2013 lediglich elastische Fu\u00df- oder Kn\u00f6chelbandagen sind gestattet.Das Spiel besteht aus drei Perioden mit jeweils zw\u00f6lf Spielminuten. Nach jeder Spielperiode wird die Seite gewechselt. Sollte das Spiel unentschieden sein, folgt eine Verl\u00e4ngerung mit einer Dauer von drei Minuten. Wenn die Verl\u00e4ngerung ebenfalls unentschieden endet, gibt es ein Penaltyschie\u00dfen.Um das Spiel schnell zu halten, gibt es eine 4-Sekunden-Regel f\u00fcr die Ausf\u00fchrung von Standardsituationen . Diese vier Sekunden werden von den Schiedsrichtern offen angezeigt. Bei einem Freisto\u00df darf keine Mauer gebildet werden. Der gefoulte Spieler muss den Freisto\u00df selber ausf\u00fchren. Der Torwart darf einen Ball mit der Hand aufnehmen, auch wenn er vom eigenen Spieler zur\u00fcckgespielt wurde. Dies darf er aber nur einmal pro Ballbesitz seiner Mannschaft. Er darf den Ball erst dann wieder mit der Hand aufnehmen, wenn ein gegnerischer Spieler den Ball ber\u00fchrt hat. Beim Ansto\u00df m\u00fcssen alle Spieler der gegnerischen Mannschaft mindestens 5 Meter Abstand vom Ball halten.<\/p>\n\n\n\n<figure class=\"wp-block-embed-youtube wp-block-embed is-type-video is-provider-youtube wp-embed-aspect-16-9 wp-has-aspect-ratio\"><div class=\"wp-block-embed__wrapper\">\n<div class=\"nv-iframe-embed\"><iframe loading=\"lazy\" title=\"TOP 10 GOALS: FIFA Beach Soccer World Cup Portugal 2015\" width=\"1200\" height=\"675\" src=\"https:\/\/www.youtube.com\/embed\/etsVUvZAgmI?feature=oembed\" frameborder=\"0\" allow=\"accelerometer; autoplay; encrypted-media; gyroscope; picture-in-picture\" allowfullscreen><\/iframe><\/div>\n<\/div><\/figure>\n","protected":false},"excerpt":{"rendered":"<p>Die Sportart entstand in den K\u00fcstenregionen Brasiliens gegen Ende des 19. Jahrhunderts. Anfangs waren es europ\u00e4ische Seeleute, die auf ihren Landg\u00e4ngen im Sand Fu\u00dfball spielten. Der Fu\u00dfball am Strand war und ist in Brasilien fester Bestandteil der Freizeitgestaltung. An selbiger Stelle fanden 1957 die ersten offiziellen Beachsoccer-Turniere statt. Seitdem werden dort auch regelm\u00e4\u00dfig professionelle Turniere&hellip;&nbsp;<a href=\"https:\/\/www.suwulzeshofen.at\/?page_id=72\" rel=\"bookmark\"><span class=\"screen-reader-text\">Beachsoccer<\/span><\/a><\/p>\n","protected":false},"author":1,"featured_media":0,"parent":0,"menu_order":0,"comment_status":"closed","ping_status":"closed","template":"","meta":{"pmpro_default_level":"","neve_meta_sidebar":"","neve_meta_container":"","neve_meta_enable_content_width":"off","neve_meta_content_width":0,"neve_meta_title_alignment":"","neve_meta_author_avatar":"","neve_post_elements_order":"","neve_meta_disable_header":"","neve_meta_disable_footer":"","neve_meta_disable_title":"","footnotes":""},"class_list":["post-72","page","type-page","status-publish","hentry","pmpro-has-access"],"_links":{"self":[{"href":"https:\/\/www.suwulzeshofen.at\/index.php?rest_route=\/wp\/v2\/pages\/72","targetHints":{"allow":["GET"]}}],"collection":[{"href":"https:\/\/www.suwulzeshofen.at\/index.php?rest_route=\/wp\/v2\/pages"}],"about":[{"href":"https:\/\/www.suwulzeshofen.at\/index.php?rest_route=\/wp\/v2\/types\/page"}],"author":[{"embeddable":true,"href":"https:\/\/www.suwulzeshofen.at\/index.php?rest_route=\/wp\/v2\/users\/1"}],"replies":[{"embeddable":true,"href":"https:\/\/www.suwulzeshofen.at\/index.php?rest_route=%2Fwp%2Fv2%2Fcomments&post=72"}],"version-history":[{"count":3,"href":"https:\/\/www.suwulzeshofen.at\/index.php?rest_route=\/wp\/v2\/pages\/72\/revisions"}],"predecessor-version":[{"id":315,"href":"https:\/\/www.suwulzeshofen.at\/index.php?rest_route=\/wp\/v2\/pages\/72\/revisions\/315"}],"wp:attachment":[{"href":"https:\/\/www.suwulzeshofen.at\/index.php?rest_route=%2Fwp%2Fv2%2Fmedia&parent=72"}],"curies":[{"name":"wp","href":"https:\/\/api.w.org\/{rel}","templated":true}]}}