{"id":68,"date":"2020-05-19T14:38:59","date_gmt":"2020-05-19T12:38:59","guid":{"rendered":"https:\/\/www.suwulzeshofen.at\/?page_id=68"},"modified":"2020-06-29T11:20:16","modified_gmt":"2020-06-29T09:20:16","slug":"beachminten","status":"publish","type":"page","link":"https:\/\/www.suwulzeshofen.at\/?page_id=68","title":{"rendered":"Beachminton"},"content":{"rendered":"\n<p>ist der Beachableger von Badminton. Erfunden wurde diese Strandsportart 1997 in Oberbayern. Gespielt wird auf einem 12m x 5m gro\u00dfem Feld, getrennt durch ein 1,55m hohes Netz. Es wird mit einem etwas schwererem Ball und robusteren Schl\u00e4gern gespielt, als beim normalen Badminton. <\/p>\n\n\n\n<p>Wir k\u00f6nnen bei uns einen Court f\u00fcr Beachminton umr\u00fcsten.<\/p>\n\n\n\n<div class=\"wp-block-buttons is-layout-flex wp-block-buttons-is-layout-flex\">\n<div class=\"wp-block-button\"><a class=\"wp-block-button__link\" href=\"\" target=\"_blank\" rel=\"noreferrer noopener\">regeln<\/a><\/div>\n<\/div>\n\n\n\n<figure class=\"wp-block-embed-youtube wp-block-embed is-type-video is-provider-youtube wp-embed-aspect-16-9 wp-has-aspect-ratio\"><div class=\"wp-block-embed__wrapper\">\n<div class=\"nv-iframe-embed\"><iframe loading=\"lazy\" title=\"I. Crossminton - Beachminton Halasthermal Open 2016. Men&#039;s Final.\" width=\"1200\" height=\"675\" src=\"https:\/\/www.youtube.com\/embed\/b-QafAyBr-Q?feature=oembed\" frameborder=\"0\" allow=\"accelerometer; autoplay; encrypted-media; gyroscope; picture-in-picture\" allowfullscreen><\/iframe><\/div>\n<\/div><\/figure>\n","protected":false},"excerpt":{"rendered":"<p>ist der Beachableger von Badminton. Erfunden wurde diese Strandsportart 1997 in Oberbayern. Gespielt wird auf einem 12m x 5m gro\u00dfem Feld, getrennt durch ein 1,55m hohes Netz. Es wird mit einem etwas schwererem Ball und robusteren Schl\u00e4gern gespielt, als beim normalen Badminton. Wir k\u00f6nnen bei uns einen Court f\u00fcr Beachminton umr\u00fcsten.<\/p>\n","protected":false},"author":1,"featured_media":0,"parent":0,"menu_order":0,"comment_status":"closed","ping_status":"closed","template":"","meta":{"pmpro_default_level":"","neve_meta_sidebar":"","neve_meta_container":"","neve_meta_enable_content_width":"off","neve_meta_content_width":0,"neve_meta_title_alignment":"","neve_meta_author_avatar":"","neve_post_elements_order":"","neve_meta_disable_header":"","neve_meta_disable_footer":"","neve_meta_disable_title":"","footnotes":""},"class_list":["post-68","page","type-page","status-publish","hentry","pmpro-has-access"],"_links":{"self":[{"href":"https:\/\/www.suwulzeshofen.at\/index.php?rest_route=\/wp\/v2\/pages\/68","targetHints":{"allow":["GET"]}}],"collection":[{"href":"https:\/\/www.suwulzeshofen.at\/index.php?rest_route=\/wp\/v2\/pages"}],"about":[{"href":"https:\/\/www.suwulzeshofen.at\/index.php?rest_route=\/wp\/v2\/types\/page"}],"author":[{"embeddable":true,"href":"https:\/\/www.suwulzeshofen.at\/index.php?rest_route=\/wp\/v2\/users\/1"}],"replies":[{"embeddable":true,"href":"https:\/\/www.suwulzeshofen.at\/index.php?rest_route=%2Fwp%2Fv2%2Fcomments&post=68"}],"version-history":[{"count":3,"href":"https:\/\/www.suwulzeshofen.at\/index.php?rest_route=\/wp\/v2\/pages\/68\/revisions"}],"predecessor-version":[{"id":318,"href":"https:\/\/www.suwulzeshofen.at\/index.php?rest_route=\/wp\/v2\/pages\/68\/revisions\/318"}],"wp:attachment":[{"href":"https:\/\/www.suwulzeshofen.at\/index.php?rest_route=%2Fwp%2Fv2%2Fmedia&parent=68"}],"curies":[{"name":"wp","href":"https:\/\/api.w.org\/{rel}","templated":true}]}}