{"id":60,"date":"2020-05-19T14:37:48","date_gmt":"2020-05-19T12:37:48","guid":{"rendered":"https:\/\/www.suwulzeshofen.at\/?page_id=60"},"modified":"2025-12-08T09:46:50","modified_gmt":"2025-12-08T08:46:50","slug":"sportstatten","status":"publish","type":"page","link":"https:\/\/www.suwulzeshofen.at\/?page_id=60","title":{"rendered":"Sportst\u00e4tten"},"content":{"rendered":"\n<p>Aktuell stehen zwei Sportst\u00e4tten in Wulzeshofen unter unserer Obhut. Dies ist zum einen der Tennisplatz gleich hinter dem Feuerwehrhaus und zum anderen das Beachsportzentrum kurz vor dem Ortsende, wenn man Richtung Gutshof Blaustauden f\u00e4hrt.<\/p>\n\n\n\n<p>Auf beiden Sportst\u00e4tten sind unsere Vereinsgeb\u00e4ude mit Smartlocks ausgestattet um f\u00fcr alle Mitglieder und  auch externen Spieler, die einen der Pl\u00e4tze gebucht haben, einen einfachen und unproblematischen Zugang zu erm\u00f6glichen.<\/p>\n\n\n\n<p>Im Winter findest ihr uns in der Sporthalle der Handelsakademie Laa. <\/p>\n\n\n\n<p><strong>Der Tennisplatz<\/strong><\/p>\n\n\n\n<p>wurde inklusive Vereinshaus im Jahr 1991 errichtet. Es handelt sich um zwei Teppichpl\u00e4tze mit Quarzsand. Im Vereinshaus gibt es Sitzgelegenheiten und die M\u00f6glichkeit k\u00fchle Getr\u00e4nke zu erstehen. Direkt am Vereinshaus angeschlossen findet Ihr die WC-Anlagen. Die Duschen befinden sich in der Kabine am Fu\u00dfballplatz.<\/p>\n\n\n\n<p><strong>Das Beachsportzentrum<\/strong><\/p>\n\n\n\n<p>wurde Urspr\u00fcnglich im Jahr 1999 errichtet. Damals stand nur ein Beachcourt und ein Baucontainer der als Vereinshaus dient zur Verf\u00fcgung. Im Jahr 2013 folgte der Ausbau auf drei Beachcourts, dies war quasi die Geburtsstunde des &#8222;Beachsportzentrum Wulzeshofen&#8220;. Mit unserm neuen Vereinsgeb\u00e4ude, welches im Jahr 2019 fertiggestellt wurde sind wir nun perfekt f\u00fcr unsere Turniertage am Sand ger\u00fcstet. Unser neues Vereinshaus l\u00e4dt zum verweilen und genie\u00dfen eines k\u00fchlen Getr\u00e4nks ein. Auch hier sind die WC-Anlagen direkt verf\u00fcgbar.  Wie beim Tennisplatz nutzen wir auch hier die Duschen in der Kabine des Fu\u00dfballplatzes.<\/p>\n\n\n\n<p><strong>HAK Laa<\/strong><\/p>\n\n\n\n<p>Seit 2022 sehen wir die HAK Laa als unsere neue Heimspielst\u00e4tte und unseren Trainingsort f\u00fcr Hallenvolleyball. Hier verbringen wir beinahe mehr Zeit als in unseren eigenen Anlagen. Mit mittlerweile 4 Trainingstagen und insgesamt 9 Trainingseinheiten je Woche. <br>Zus\u00e4tzliche kosten entstehen unseren Spielern in Form von 1 Euro je Trainingseinheit. <\/p>\n\n\n\n<div class=\"wp-block-buttons is-layout-flex wp-block-buttons-is-layout-flex\">\n<div class=\"wp-block-button\"><a class=\"wp-block-button__link wp-element-button\" href=\"https:\/\/www.suwulzeshofen.at\/?page_id=62\">ANfahrtsplan<\/a><\/div>\n<\/div>\n","protected":false},"excerpt":{"rendered":"<p>Aktuell stehen zwei Sportst\u00e4tten in Wulzeshofen unter unserer Obhut. Dies ist zum einen der Tennisplatz gleich hinter dem Feuerwehrhaus und zum anderen das Beachsportzentrum kurz vor dem Ortsende, wenn man Richtung Gutshof Blaustauden f\u00e4hrt. Auf beiden Sportst\u00e4tten sind unsere Vereinsgeb\u00e4ude mit Smartlocks ausgestattet um f\u00fcr alle Mitglieder und auch externen Spieler, die einen der Pl\u00e4tze&hellip;&nbsp;<a href=\"https:\/\/www.suwulzeshofen.at\/?page_id=60\" rel=\"bookmark\"><span class=\"screen-reader-text\">Sportst\u00e4tten<\/span><\/a><\/p>\n","protected":false},"author":1,"featured_media":0,"parent":0,"menu_order":0,"comment_status":"closed","ping_status":"closed","template":"","meta":{"pmpro_default_level":"","neve_meta_sidebar":"","neve_meta_container":"","neve_meta_enable_content_width":"off","neve_meta_content_width":0,"neve_meta_title_alignment":"","neve_meta_author_avatar":"","neve_post_elements_order":"","neve_meta_disable_header":"","neve_meta_disable_footer":"","neve_meta_disable_title":"","footnotes":""},"class_list":["post-60","page","type-page","status-publish","hentry","pmpro-has-access"],"_links":{"self":[{"href":"https:\/\/www.suwulzeshofen.at\/index.php?rest_route=\/wp\/v2\/pages\/60","targetHints":{"allow":["GET"]}}],"collection":[{"href":"https:\/\/www.suwulzeshofen.at\/index.php?rest_route=\/wp\/v2\/pages"}],"about":[{"href":"https:\/\/www.suwulzeshofen.at\/index.php?rest_route=\/wp\/v2\/types\/page"}],"author":[{"embeddable":true,"href":"https:\/\/www.suwulzeshofen.at\/index.php?rest_route=\/wp\/v2\/users\/1"}],"replies":[{"embeddable":true,"href":"https:\/\/www.suwulzeshofen.at\/index.php?rest_route=%2Fwp%2Fv2%2Fcomments&post=60"}],"version-history":[{"count":6,"href":"https:\/\/www.suwulzeshofen.at\/index.php?rest_route=\/wp\/v2\/pages\/60\/revisions"}],"predecessor-version":[{"id":451,"href":"https:\/\/www.suwulzeshofen.at\/index.php?rest_route=\/wp\/v2\/pages\/60\/revisions\/451"}],"wp:attachment":[{"href":"https:\/\/www.suwulzeshofen.at\/index.php?rest_route=%2Fwp%2Fv2%2Fmedia&parent=60"}],"curies":[{"name":"wp","href":"https:\/\/api.w.org\/{rel}","templated":true}]}}