{"id":58,"date":"2020-05-19T14:37:32","date_gmt":"2020-05-19T12:37:32","guid":{"rendered":"https:\/\/www.suwulzeshofen.at\/?page_id=58"},"modified":"2025-12-08T10:48:27","modified_gmt":"2025-12-08T09:48:27","slug":"vorstand","status":"publish","type":"page","link":"https:\/\/www.suwulzeshofen.at\/?page_id=58","title":{"rendered":"Vorstand"},"content":{"rendered":"\n<p><strong>Michael Haas &#8211; Pr\u00e4sident<\/strong><\/p>\n\n\n\n<p>Seit 2008 im Sportunion Volleyballverein Wulzeshofen, aktiver Tennis- und Beachvolleyballspieler. Hat 2012 den Vereinsvorsitz des damaligen Sportunion Volleyballverein Wulzeshofen von Helmut Keck \u00fcbernommen.<\/p>\n\n\n\n<p><\/p>\n\n\n\n<p><strong>Christian Formann &#8211; P\u00e4sident Stellvertreter<\/strong><\/p>\n\n\n\n<p>Seit 2002 im Sportunion Volleyballverein Wulzeshofen Mitglied. Vorstandsmitglied seit dem Jahr 2004, in dieser Zeit vom Kassierstellvertreter zum Vizepr\u00e4sident gewachsen. Spielt aktiv Beachvolleyball seit 1998.<\/p>\n\n\n\n<p><\/p>\n\n\n\n<p><strong>Natalie Schmid- P\u00e4sident Stellvertreterin<\/strong><\/p>\n\n\n\n<p>Natalie ist im Jahr 2010 zu uns gesto\u00dfen und hat von Anfang an gro\u00dfen Einsatz gezeigt. Sie war Federf\u00fchrend f\u00fcr unsere Turniere im Rahmen der Sparkassenbeachtour in den Jahren 2014-2018. Nach wie vor ist sie das Herz und die Seele unseres Wandertages.<\/p>\n\n\n\n<p><\/p>\n\n\n\n<p><strong>Michael Bauer &#8211; Schriftf\u00fchrer<\/strong><\/p>\n\n\n\n<p>Ab dem Jahr 2013 beehrt uns Michael mit seiner fr\u00f6hlichen Art und h\u00e4lt seit 2020 alle wichtigen Entscheidungen auf Papier fest.<\/p>\n\n\n\n<p><\/p>\n\n\n\n<p><strong>Natalie Graf &#8211; Schriftf\u00fchrer Stellvertreter<\/strong><\/p>\n\n\n\n<p><\/p>\n\n\n\n<p><strong>Werner Schmid &#8211; Kassier<\/strong><\/p>\n\n\n\n<p>Der Mann mit der vermutlich schwersten Aufgabe im Vorstand, die Finanzen im Auge behalten. Werner ist 2010 zum Sportunion Volleyballverein Wulzeshofen gekommen.<\/p>\n\n\n\n<p><\/p>\n\n\n\n<p><strong>Manuel B\u00f6hm &#8211; Kassier Stellvertreter<\/strong><\/p>\n\n\n\n<p>Sollte unser Werner mal die Zahlen aus den Augen verlieren unterst\u00fctzt ihn unser Manuel. Manuel fand im Jahr 2021 den Weg zu uns.<\/p>\n","protected":false},"excerpt":{"rendered":"<p>Michael Haas &#8211; Pr\u00e4sident Seit 2008 im Sportunion Volleyballverein Wulzeshofen, aktiver Tennis- und Beachvolleyballspieler. Hat 2012 den Vereinsvorsitz des damaligen Sportunion Volleyballverein Wulzeshofen von Helmut Keck \u00fcbernommen. Christian Formann &#8211; P\u00e4sident Stellvertreter Seit 2002 im Sportunion Volleyballverein Wulzeshofen Mitglied. Vorstandsmitglied seit dem Jahr 2004, in dieser Zeit vom Kassierstellvertreter zum Vizepr\u00e4sident gewachsen. Spielt aktiv Beachvolleyball&hellip;&nbsp;<a href=\"https:\/\/www.suwulzeshofen.at\/?page_id=58\" rel=\"bookmark\"><span class=\"screen-reader-text\">Vorstand<\/span><\/a><\/p>\n","protected":false},"author":1,"featured_media":0,"parent":0,"menu_order":0,"comment_status":"closed","ping_status":"closed","template":"","meta":{"pmpro_default_level":"","neve_meta_sidebar":"","neve_meta_container":"","neve_meta_enable_content_width":"off","neve_meta_content_width":0,"neve_meta_title_alignment":"","neve_meta_author_avatar":"","neve_post_elements_order":"","neve_meta_disable_header":"","neve_meta_disable_footer":"","neve_meta_disable_title":"","footnotes":""},"class_list":["post-58","page","type-page","status-publish","hentry","pmpro-has-access"],"_links":{"self":[{"href":"https:\/\/www.suwulzeshofen.at\/index.php?rest_route=\/wp\/v2\/pages\/58","targetHints":{"allow":["GET"]}}],"collection":[{"href":"https:\/\/www.suwulzeshofen.at\/index.php?rest_route=\/wp\/v2\/pages"}],"about":[{"href":"https:\/\/www.suwulzeshofen.at\/index.php?rest_route=\/wp\/v2\/types\/page"}],"author":[{"embeddable":true,"href":"https:\/\/www.suwulzeshofen.at\/index.php?rest_route=\/wp\/v2\/users\/1"}],"replies":[{"embeddable":true,"href":"https:\/\/www.suwulzeshofen.at\/index.php?rest_route=%2Fwp%2Fv2%2Fcomments&post=58"}],"version-history":[{"count":8,"href":"https:\/\/www.suwulzeshofen.at\/index.php?rest_route=\/wp\/v2\/pages\/58\/revisions"}],"predecessor-version":[{"id":465,"href":"https:\/\/www.suwulzeshofen.at\/index.php?rest_route=\/wp\/v2\/pages\/58\/revisions\/465"}],"wp:attachment":[{"href":"https:\/\/www.suwulzeshofen.at\/index.php?rest_route=%2Fwp%2Fv2%2Fmedia&parent=58"}],"curies":[{"name":"wp","href":"https:\/\/api.w.org\/{rel}","templated":true}]}}