{"id":390,"date":"2023-10-05T15:57:20","date_gmt":"2023-10-05T13:57:20","guid":{"rendered":"https:\/\/www.suwulzeshofen.at\/?page_id=390"},"modified":"2025-03-31T19:17:36","modified_gmt":"2025-03-31T17:17:36","slug":"unser-beachvolleyball-training","status":"publish","type":"page","link":"https:\/\/www.suwulzeshofen.at\/?page_id=390","title":{"rendered":"Unser Beachvolleyball-Training"},"content":{"rendered":"\n<p>Unsere Trainings finden von 14.4.2025 bis 24.9.2025 auf unseren Vereinsgel\u00e4nde statt<\/p>\n\n\n\n<ul class=\"wp-block-list\">\n<li><\/li>\n<\/ul>\n\n\n\n<p>Dienstag und Donnerstag <br>19:00 bis 21:00<\/p>\n\n\n\n<p>Dienstag 17:30 bis 19:00 \u00fc12 bis u18 Training<\/p>\n\n\n\n<p>Montag 19:00 bis 20:30 Turnierspieler Herren gerade KW <br>Montag 19:00 bis 20:30 Turnierspieler Damen ungerade KW<\/p>\n\n\n\n<p>Unsere Trainings sind f\u00fcr Mitglieder kostenlos. <br>F\u00fcr alle anderen gibt es die M\u00f6glichkeit an 2 Schnuppertrainings kostenlos teilzunehmen. Die darauffolgenden Trainings kosten pro Doppelstunde 10 Euro. <\/p>\n","protected":false},"excerpt":{"rendered":"<p>Unsere Trainings finden von 14.4.2025 bis 24.9.2025 auf unseren Vereinsgel\u00e4nde statt Dienstag und Donnerstag 19:00 bis 21:00 Dienstag 17:30 bis 19:00 \u00fc12 bis u18 Training Montag 19:00 bis 20:30 Turnierspieler Herren gerade KW Montag 19:00 bis 20:30 Turnierspieler Damen ungerade KW Unsere Trainings sind f\u00fcr Mitglieder kostenlos. F\u00fcr alle anderen gibt es die M\u00f6glichkeit an&hellip;&nbsp;<a href=\"https:\/\/www.suwulzeshofen.at\/?page_id=390\" rel=\"bookmark\"><span class=\"screen-reader-text\">Unser Beachvolleyball-Training<\/span><\/a><\/p>\n","protected":false},"author":5,"featured_media":0,"parent":64,"menu_order":0,"comment_status":"closed","ping_status":"closed","template":"","meta":{"pmpro_default_level":"","neve_meta_sidebar":"","neve_meta_container":"","neve_meta_enable_content_width":"","neve_meta_content_width":0,"neve_meta_title_alignment":"","neve_meta_author_avatar":"","neve_post_elements_order":"","neve_meta_disable_header":"","neve_meta_disable_footer":"","neve_meta_disable_title":"","footnotes":""},"class_list":["post-390","page","type-page","status-publish","hentry","pmpro-has-access"],"_links":{"self":[{"href":"https:\/\/www.suwulzeshofen.at\/index.php?rest_route=\/wp\/v2\/pages\/390","targetHints":{"allow":["GET"]}}],"collection":[{"href":"https:\/\/www.suwulzeshofen.at\/index.php?rest_route=\/wp\/v2\/pages"}],"about":[{"href":"https:\/\/www.suwulzeshofen.at\/index.php?rest_route=\/wp\/v2\/types\/page"}],"author":[{"embeddable":true,"href":"https:\/\/www.suwulzeshofen.at\/index.php?rest_route=\/wp\/v2\/users\/5"}],"replies":[{"embeddable":true,"href":"https:\/\/www.suwulzeshofen.at\/index.php?rest_route=%2Fwp%2Fv2%2Fcomments&post=390"}],"version-history":[{"count":5,"href":"https:\/\/www.suwulzeshofen.at\/index.php?rest_route=\/wp\/v2\/pages\/390\/revisions"}],"predecessor-version":[{"id":436,"href":"https:\/\/www.suwulzeshofen.at\/index.php?rest_route=\/wp\/v2\/pages\/390\/revisions\/436"}],"up":[{"embeddable":true,"href":"https:\/\/www.suwulzeshofen.at\/index.php?rest_route=\/wp\/v2\/pages\/64"}],"wp:attachment":[{"href":"https:\/\/www.suwulzeshofen.at\/index.php?rest_route=%2Fwp%2Fv2%2Fmedia&parent=390"}],"curies":[{"name":"wp","href":"https:\/\/api.w.org\/{rel}","templated":true}]}}