{"id":22,"date":"2020-05-19T12:55:08","date_gmt":"2020-05-19T10:55:08","guid":{"rendered":"https:\/\/www.suwulzeshofen.at\/?page_id=22"},"modified":"2020-05-19T12:55:08","modified_gmt":"2020-05-19T10:55:08","slug":"regeln-fur-die-spritzerwertung","status":"publish","type":"page","link":"https:\/\/www.suwulzeshofen.at\/?page_id=22","title":{"rendered":"Regeln f\u00fcr die Spritzerwertung"},"content":{"rendered":"\n<ol class=\"wp-block-list\"><li>Es d\u00fcrfen nur Teams teilnehmen welche auch beim Turnier mitgespielt haben.<\/li><li>Es ist jedem Team, das &nbsp;gestattet welches aus dem Turnier ausgeschieden ist, an der Spritzerwertung teilzunehmen, oder es gen\u00fcgend Teammitglieder gibt welche nicht am sportlichen Teil der Veranstaltung teilnehmen.<br>(Grund hierf\u00fcr ist die erh\u00f6hte Verletzungsgefahr beim Spielen unter Alkoholeinfluss)<\/li><li>Es d\u00fcrfen pro Team, maximal 3 Doppler bestellt werden, sind diese Leer k\u00f6nnen diese wieder aufgef\u00fcllt werden.<\/li><li>Unterst\u00fctzung f\u00fcr die Spritzerwertung, darf sich bis zu einem gewissen Grad, welchen wir nach eigenem ermessen und je nach Situation festlegen geholt werden.<\/li><li>Stand der Spritzer Wertung bleibt bis zu den Viertelfinal Spielen geheim.<\/li><\/ol>\n\n\n\n<p>Kriterien zur disqualifikation eines Teams<\/p>\n\n\n\n<ol class=\"wp-block-list\"><li>Wenn ein Teammitglied sich \u00fcbergeben sollte, scheidet das Team aus.<\/li><li>Wenn sich, der Bewerb zu ernst genommen werden sollte<\/li><li>Wenn ein Teammitlgied sich oder andere im betrunkenen Zustand, anp\u00f6belt oder agressiv gegen\u00fcber anderen Personen verhalten sollte.<\/li><li>Dieser Bewerb soll vor allem Spa\u00df machen, und nicht zu ernst genommen werden.<\/li><\/ol>\n\n\n\n<p>Wir w\u00fcnschen euch allen viel Gl\u00fcck, und hoffen das ihr am n\u00e4chste Tag fit seit.<\/p>\n","protected":false},"excerpt":{"rendered":"<p>Es d\u00fcrfen nur Teams teilnehmen welche auch beim Turnier mitgespielt haben. Es ist jedem Team, das &nbsp;gestattet welches aus dem Turnier ausgeschieden ist, an der Spritzerwertung teilzunehmen, oder es gen\u00fcgend Teammitglieder gibt welche nicht am sportlichen Teil der Veranstaltung teilnehmen.(Grund hierf\u00fcr ist die erh\u00f6hte Verletzungsgefahr beim Spielen unter Alkoholeinfluss) Es d\u00fcrfen pro Team, maximal 3&hellip;&nbsp;<a href=\"https:\/\/www.suwulzeshofen.at\/?page_id=22\" rel=\"bookmark\"><span class=\"screen-reader-text\">Regeln f\u00fcr die Spritzerwertung<\/span><\/a><\/p>\n","protected":false},"author":1,"featured_media":0,"parent":0,"menu_order":0,"comment_status":"closed","ping_status":"closed","template":"","meta":{"pmpro_default_level":"","neve_meta_sidebar":"","neve_meta_container":"","neve_meta_enable_content_width":"","neve_meta_content_width":0,"neve_meta_title_alignment":"","neve_meta_author_avatar":"","neve_post_elements_order":"","neve_meta_disable_header":"","neve_meta_disable_footer":"","neve_meta_disable_title":"","footnotes":""},"class_list":["post-22","page","type-page","status-publish","hentry","pmpro-has-access"],"_links":{"self":[{"href":"https:\/\/www.suwulzeshofen.at\/index.php?rest_route=\/wp\/v2\/pages\/22","targetHints":{"allow":["GET"]}}],"collection":[{"href":"https:\/\/www.suwulzeshofen.at\/index.php?rest_route=\/wp\/v2\/pages"}],"about":[{"href":"https:\/\/www.suwulzeshofen.at\/index.php?rest_route=\/wp\/v2\/types\/page"}],"author":[{"embeddable":true,"href":"https:\/\/www.suwulzeshofen.at\/index.php?rest_route=\/wp\/v2\/users\/1"}],"replies":[{"embeddable":true,"href":"https:\/\/www.suwulzeshofen.at\/index.php?rest_route=%2Fwp%2Fv2%2Fcomments&post=22"}],"version-history":[{"count":1,"href":"https:\/\/www.suwulzeshofen.at\/index.php?rest_route=\/wp\/v2\/pages\/22\/revisions"}],"predecessor-version":[{"id":23,"href":"https:\/\/www.suwulzeshofen.at\/index.php?rest_route=\/wp\/v2\/pages\/22\/revisions\/23"}],"wp:attachment":[{"href":"https:\/\/www.suwulzeshofen.at\/index.php?rest_route=%2Fwp%2Fv2%2Fmedia&parent=22"}],"curies":[{"name":"wp","href":"https:\/\/api.w.org\/{rel}","templated":true}]}}