{"id":20,"date":"2020-05-19T12:54:24","date_gmt":"2020-05-19T10:54:24","guid":{"rendered":"https:\/\/www.suwulzeshofen.at\/?page_id=20"},"modified":"2020-05-19T12:54:24","modified_gmt":"2020-05-19T10:54:24","slug":"regeln-fur-hobbyturniere","status":"publish","type":"page","link":"https:\/\/www.suwulzeshofen.at\/?page_id=20","title":{"rendered":"Regeln f\u00fcr Hobbyturniere"},"content":{"rendered":"\n<p>Anmeldebedingungen<\/p>\n\n\n\n<ol class=\"wp-block-list\"><li>Es ist allen K\u00f6rperlich gesunden Personen gestattet an unseren Turnieren teilzunehmen. Jedoch behalten wir uns vor bestimmte Teams und Spielerpaarungen, auf Grund des Vorsatzes eines Hobbyturniers abzulehnen.<\/li><li>Da einige Mitglieder unseres Vereins sehr aktiv Beachvolleyball spielen, ist es auch hier bestimmten Mitglieder nicht gestattet Teams untereinander zu bilden.<\/li><li>Die Anmeldung kann \u00fcber eine Nachricht per Facebook, oder direkt \u00fcber unsere Homepage erfolgen. Als fix angemeldet ist man wenn das Startgeld bezahlt wurde. Hier gilt das Prinzip \u201cfirst come first serve\u201d.<\/li><\/ol>\n\n\n\n<p>Regeln<\/p>\n\n\n\n<ol class=\"wp-block-list\"><li>Seitenwahl bzw. der erste Aufschlag\/Annahme werden vom Schiedsrichter ausgelost.<\/li><li>Der Ball darf mit jedem Teil des K\u00f6rpers gespielt werden. Ausgenommen ist der Aufschlag, welcher mit dem Arm oder der Hand ausgef\u00fchrt werden muss.<\/li><li>Technische Fehler werden nicht, geahndet, ausgenommen gehobene oder gefangene B\u00e4lle. Hier k\u00f6nnen vor dem Spiel auch andere Abmachungen getroffen werden.<\/li><li>Netzber\u00fchrung ist immer als fehler zu werten, da dies der Sicherheit des Spiels dient.<\/li><li>Der Ball darf innerhalb eines Spielzuges h\u00f6chstens drei Mal gespielt werden, wobei der Block als erste Ber\u00fchrung z\u00e4hlt.<\/li><li>Einem Spieler ist es nicht erlaubt den Ball zwei mal hintereinander zu ber\u00fchren. Ausgenommen ist eine weitere Behr\u00fchrung nach dem Block, wobei diese trotzdem als zweite Ber\u00fchrung z\u00e4hlt.<\/li><li>Das Abblocken des Aufschlages, bzw das direkte Zur\u00fcckschlagen \u00fcberhalb der Netzoberkante ist als fehler zu werten.<\/li><li>DER SPASS SOLLTE IM VORDERGRUND STEHEN<\/li><\/ol>\n\n\n\n<p>Wichtigste Regel<\/p>\n\n\n\n<ol class=\"wp-block-list\"><li>Das Gewinnerteam l\u00e4dt das Verliererteam nach dem Spiel auf ein Getr\u00e4nk ihrer Wahl ein.<\/li><\/ol>\n\n\n\n<p>Viel Spa\u00df und ein Verletzungsfreies Turnier w\u00fcnscht<\/p>\n","protected":false},"excerpt":{"rendered":"<p>Anmeldebedingungen Es ist allen K\u00f6rperlich gesunden Personen gestattet an unseren Turnieren teilzunehmen. Jedoch behalten wir uns vor bestimmte Teams und Spielerpaarungen, auf Grund des Vorsatzes eines Hobbyturniers abzulehnen. Da einige Mitglieder unseres Vereins sehr aktiv Beachvolleyball spielen, ist es auch hier bestimmten Mitglieder nicht gestattet Teams untereinander zu bilden. Die Anmeldung kann \u00fcber eine Nachricht&hellip;&nbsp;<a href=\"https:\/\/www.suwulzeshofen.at\/?page_id=20\" rel=\"bookmark\"><span class=\"screen-reader-text\">Regeln f\u00fcr Hobbyturniere<\/span><\/a><\/p>\n","protected":false},"author":1,"featured_media":0,"parent":0,"menu_order":0,"comment_status":"closed","ping_status":"closed","template":"","meta":{"pmpro_default_level":"","neve_meta_sidebar":"","neve_meta_container":"","neve_meta_enable_content_width":"","neve_meta_content_width":0,"neve_meta_title_alignment":"","neve_meta_author_avatar":"","neve_post_elements_order":"","neve_meta_disable_header":"","neve_meta_disable_footer":"","neve_meta_disable_title":"","footnotes":""},"class_list":["post-20","page","type-page","status-publish","hentry","pmpro-has-access"],"_links":{"self":[{"href":"https:\/\/www.suwulzeshofen.at\/index.php?rest_route=\/wp\/v2\/pages\/20","targetHints":{"allow":["GET"]}}],"collection":[{"href":"https:\/\/www.suwulzeshofen.at\/index.php?rest_route=\/wp\/v2\/pages"}],"about":[{"href":"https:\/\/www.suwulzeshofen.at\/index.php?rest_route=\/wp\/v2\/types\/page"}],"author":[{"embeddable":true,"href":"https:\/\/www.suwulzeshofen.at\/index.php?rest_route=\/wp\/v2\/users\/1"}],"replies":[{"embeddable":true,"href":"https:\/\/www.suwulzeshofen.at\/index.php?rest_route=%2Fwp%2Fv2%2Fcomments&post=20"}],"version-history":[{"count":1,"href":"https:\/\/www.suwulzeshofen.at\/index.php?rest_route=\/wp\/v2\/pages\/20\/revisions"}],"predecessor-version":[{"id":21,"href":"https:\/\/www.suwulzeshofen.at\/index.php?rest_route=\/wp\/v2\/pages\/20\/revisions\/21"}],"wp:attachment":[{"href":"https:\/\/www.suwulzeshofen.at\/index.php?rest_route=%2Fwp%2Fv2%2Fmedia&parent=20"}],"curies":[{"name":"wp","href":"https:\/\/api.w.org\/{rel}","templated":true}]}}