{"id":16,"date":"2020-05-19T12:51:22","date_gmt":"2020-05-19T10:51:22","guid":{"rendered":"https:\/\/www.suwulzeshofen.at\/?page_id=16"},"modified":"2020-06-03T18:45:40","modified_gmt":"2020-06-03T16:45:40","slug":"haftungausschlusserklarung","status":"publish","type":"page","link":"https:\/\/www.suwulzeshofen.at\/?page_id=16","title":{"rendered":"Haftungausschlusserkl\u00e4rung"},"content":{"rendered":"\n<div class=\"wp-block-buttons is-layout-flex wp-block-buttons-is-layout-flex\">\n<div class=\"wp-block-button\"><a class=\"wp-block-button__link\" href=\"https:\/\/www.suwulzeshofen.at\/wp-content\/uploads\/2020\/05\/Haftungsausschlusserkl\u00e4rung.pdf\" target=\"_blank\" rel=\"noreferrer noopener\">Haftungsausschlusserkl\u00e4rung<\/a><\/div>\n<\/div>\n\n\n\n<p><strong>1. \u200b<\/strong> Meine Teilnahme an Sportveranstaltungen des Sportunion Volleyballverein<br>Wulzeshofen (im folgenden Verein genannt) erfolgt auf eigene Gefahr und eigenes<br>Risiko.<\/p>\n\n\n\n<p><strong>2. \u200b<\/strong>Ich verzichte hiermit ausdr\u00fccklich auf s\u00e4mtliche Anspr\u00fcche \u2013 gleich welcher Art \u2013<br>aus Schadensf\u00e4llen, Verletzungen oder Folgesch\u00e4digungen:<\/p>\n\n\n\n<p>\u25cf die im Zusammenhang mit meiner Teilnahme am Turnier,<br>\u25cf der Veranstaltungen, und sportlichen Aktivit\u00e4ten welche au\u00dferhalb der<br>eigentlichen Sportveranstaltung erfolgen<\/p>\n\n\n\n<p><strong>3.<\/strong> \u200bAuch f\u00fcr Sachsch\u00e4den wird eine Haftung vonseiten des Vereins ausgeschlossen.<\/p>\n\n\n\n<p><strong>4.\u200b<\/strong> Ich versichere, sportgesund zu sein. Ich habe mich bei einem Arzt meines<br>Gesundheitszustandes versichert. Habe ich darauf verzichtet, so tue ich dies auf<br>eigene Verantwortung.<\/p>\n\n\n\n<p><strong>5.<\/strong> \u200bF\u00fcr gesundheitliche Risiken, auch solche, die mir selbst aktuell nicht bekannt sind,<br>\u00fcbernimmt der Verein im Falle eines Unfalls oder Schadens keine Haftung.<\/p>\n\n\n\n<p><strong>6.<\/strong> \u200bJede Erkrankung und auch pl\u00f6tzliche Befindlichkeits\u00e4nderungen wie \u00dcbelkeit,<br>Schwindel, Schmerz, Herzrasen oder \u00c4hnlichem werde ich sofort dem<br>Ansprechpartner im Verein oder der Veranstaltung mitteilen und gegebenenfalls<br>meine Teilnahme an der Veranstaltung zur\u00fcckziehen.<\/p>\n\n\n\n<p><strong>7.<\/strong>\u200b Ich bin gegen Unf\u00e4lle und Verletzungen, die im Rahmen der Veranstaltung<br>auftreten k\u00f6nnen, versichert. Gleiches gilt f\u00fcr den direkten Weg von und zum<br>Veranstaltungsort. Ist dies nicht der Fall, geschieht dies auf meine Verantwortung.<\/p>\n\n\n\n<p><strong>8.\u200b<\/strong> Ich habe mich \u00fcber den Inhalt dieser Haftungsausschlusserkl\u00e4rung vollst\u00e4ndig<br>informiert, indem ich diese gelesen habe, bevor ich meine Unterschrift leiste.<\/p>\n\n\n\n<p>Datum und Unterschrift<\/p>\n","protected":false},"excerpt":{"rendered":"<p>1. \u200b Meine Teilnahme an Sportveranstaltungen des Sportunion VolleyballvereinWulzeshofen (im folgenden Verein genannt) erfolgt auf eigene Gefahr und eigenesRisiko. 2. \u200bIch verzichte hiermit ausdr\u00fccklich auf s\u00e4mtliche Anspr\u00fcche \u2013 gleich welcher Art \u2013aus Schadensf\u00e4llen, Verletzungen oder Folgesch\u00e4digungen: \u25cf die im Zusammenhang mit meiner Teilnahme am Turnier,\u25cf der Veranstaltungen, und sportlichen Aktivit\u00e4ten welche au\u00dferhalb dereigentlichen Sportveranstaltung erfolgen&hellip;&nbsp;<a href=\"https:\/\/www.suwulzeshofen.at\/?page_id=16\" rel=\"bookmark\"><span class=\"screen-reader-text\">Haftungausschlusserkl\u00e4rung<\/span><\/a><\/p>\n","protected":false},"author":1,"featured_media":0,"parent":0,"menu_order":0,"comment_status":"closed","ping_status":"closed","template":"","meta":{"pmpro_default_level":"","neve_meta_sidebar":"","neve_meta_container":"","neve_meta_enable_content_width":"off","neve_meta_content_width":0,"neve_meta_title_alignment":"","neve_meta_author_avatar":"","neve_post_elements_order":"","neve_meta_disable_header":"","neve_meta_disable_footer":"","neve_meta_disable_title":"","footnotes":""},"class_list":["post-16","page","type-page","status-publish","hentry","pmpro-has-access"],"_links":{"self":[{"href":"https:\/\/www.suwulzeshofen.at\/index.php?rest_route=\/wp\/v2\/pages\/16","targetHints":{"allow":["GET"]}}],"collection":[{"href":"https:\/\/www.suwulzeshofen.at\/index.php?rest_route=\/wp\/v2\/pages"}],"about":[{"href":"https:\/\/www.suwulzeshofen.at\/index.php?rest_route=\/wp\/v2\/types\/page"}],"author":[{"embeddable":true,"href":"https:\/\/www.suwulzeshofen.at\/index.php?rest_route=\/wp\/v2\/users\/1"}],"replies":[{"embeddable":true,"href":"https:\/\/www.suwulzeshofen.at\/index.php?rest_route=%2Fwp%2Fv2%2Fcomments&post=16"}],"version-history":[{"count":4,"href":"https:\/\/www.suwulzeshofen.at\/index.php?rest_route=\/wp\/v2\/pages\/16\/revisions"}],"predecessor-version":[{"id":261,"href":"https:\/\/www.suwulzeshofen.at\/index.php?rest_route=\/wp\/v2\/pages\/16\/revisions\/261"}],"wp:attachment":[{"href":"https:\/\/www.suwulzeshofen.at\/index.php?rest_route=%2Fwp%2Fv2%2Fmedia&parent=16"}],"curies":[{"name":"wp","href":"https:\/\/api.w.org\/{rel}","templated":true}]}}