{"id":14,"date":"2020-05-19T12:50:32","date_gmt":"2020-05-19T10:50:32","guid":{"rendered":"https:\/\/www.suwulzeshofen.at\/?page_id=14"},"modified":"2020-05-19T12:50:32","modified_gmt":"2020-05-19T10:50:32","slug":"datenschutzerklarung","status":"publish","type":"page","link":"https:\/\/www.suwulzeshofen.at\/?page_id=14","title":{"rendered":"Datenschutzerkl\u00e4rung"},"content":{"rendered":"\n<p>Datenschutzerkl\u00e4rung Sportunion Volleyballverein Wulzeshofen<\/p>\n\n\n\n<p>Der Schutz Ihrer Daten ist uns wichtig. Wir wollen Sie daher an dieser Stelle dar\u00fcber<br>informieren, welche personenbezogenen Daten wir in unserem Verein zu welchem Zweck<br>verarbeiten.<\/p>\n\n\n\n<ol class=\"wp-block-list\"><li>Ihre Mitgliedschaft im Verein<br>Als Mitglied unseres Vereins, schlie\u00dfen Sie mit uns einen \u200bMitgliedschaftsvertrag \u200bab. Zum<br>Zwecke der Erf\u00fcllung der Vereinsaufgaben gem\u00e4\u00df unseren Vereinsstatuten verarbeiten wir<br>von Ihnen folgende personenbezogene Daten:<br>\u2022Name<br>\u2022Anschrift<br>\u2022E-Mail-Adresse<br>\u2022Telefonnummer<br>\u2022Geburtsdatum<br>Gem\u00e4\u00df den Statuten des Vereins\u2026.. werden Ihre Daten an den Landesverband<br>(Nieder\u00f6sterreichischer Volleyballverband, \u00d6sterreichischer Volleyballverband)<br>\/Dachverband (Sportunion Nieder\u00f6sterreich) weitergegeben.<br>Ihre Daten werden f\u00fcr die Dauer der Mitgliedschaft bei uns gespeichert. F\u00fcr den Fall Ihres<br>Austritts aus dem Verein werden Ihre Daten zur Erf\u00fcllung unserer gesetzlichen<br>Aufbewahrungspflicht f\u00fcr die gesetzlich vorgeschriebene Dauer (in der Regel 7 Jahren bzw.<br>aufgrund der Auflagen mancher \u00f6ffentlicher F\u00f6rderstellen 10 Jahre) gespeichert.<\/li><li>Ihre Teilnahme an unseren Veranstaltungen<br>Als Teilnehmer\/in an Veranstaltungen unseres Vereins werden Ihre personenbezogenen<br>Daten, soweit diese f\u00fcr die Anmeldung oder Teilnahme an den Veranstaltungen erforderlich<br>sind, gespeichert.<br>Wir d\u00fcrfen Sie dar\u00fcber hinaus informieren, dass im Rahmen unserer<br>Vereinsveranstaltungen m\u00f6glicherweise Fotografien, Ton- und\/oder Videoaufnahmen erstellt<br>werden. Diese Aufnahmen k\u00f6nnen in verschiedenen Medien (Print, TV, Online) und in<br>Publikationen (Print, Online) unseres Vereins, Verwendung finden.<\/li><li>Ihr Besuch auf unserer Website<br>Der Verein ist f\u00fcr die inhaltliche Gestaltung der Website verantwortlich und ist sowohl<br>Medieninhaber als auch Herausgeber. Im Zuge Ihres Besuchs unserer Website werden wir<br>folgende Informationen \u200berheben<\/li><\/ol>\n\n\n\n<p>\u2022 Das Datum und die Uhrzeit des Aufrufs unserer Website<br>\u2022 Ihre IP-Adresse<br>\u2022 Name und Version Ihres Webbrowsers<br>\u2022 Und jene Informationen, die Sie selbst durch Ausf\u00fcllen des Kontaktformulars oder<br>Registrierung f\u00fcr unseren Newsletter zur Verf\u00fcgung stellen.<br>Diese Daten werden zu folgenden Zwecken verarbeitet:<br>\u2022 um Ihnen diese Website zur Verf\u00fcgung zu stellen,<br>\u2022 diese Website weiter zu verbessern und zu entwickeln sowie<br>\u2022 um auf Ihre Anfragen zu antworten<\/p>\n\n\n\n<p><br>Wenn Sie auf dieser Website personenbezogene Daten eingeben, erteilen Sie uns mit der<br>Eingabe Ihrer Daten die Zustimmung, dass wir diese Daten zum angegebenen Zweck<br>elektronisch verwenden d\u00fcrfen. Diese Daten werden sicher verwahrt und nicht an Dritte<br>weitergegeben. Davon ausgenommen ist die Weitergabe an staatliche Beh\u00f6rden, sofern der<br>Verein gesetzlich dazu verpflichtet ist.<br>Es besteht keine Verpflichtung, jene Daten, um deren Angabe wir Sie auf unserer Website<br>bitten, tats\u00e4chlich anzugeben. Wenn Sie dies jedoch nicht tun, wird es Ihnen nicht m\u00f6glich<br>sein, alle Funktionen der Website zu nutzen.<\/p>\n\n\n\n<ol class=\"wp-block-list\"><li>Rechtsgrundlagen der Verarbeitung<br>Die rechtliche Grundlage f\u00fcr die Verarbeitung Ihrer personenbezogenen Daten erfolgt<br>aufgrund Ihres Mitgliedschaftsverh\u00e4ltnisses, Ihrer Teilnahme an unseren Veranstaltungen,<br>Ihres Besuchs auf unserer Website bzw. liegt sonst in unserem berechtigten Interesse<br>gem\u00e4\u00df DSGVO, welches darin besteht, die oben unter Punkt 1.-3. genannten Zwecke zu<br>erreichen.<\/li><li>Cookies<br>Auf dieser Website werden sogenannte Cookies verwendet. Ein Cookie ist eine Datei, die<br>auf Ihrem Computer gespeichert werden kann, wie Sie eine Website besuchen.<br>Grunds\u00e4tzlich werden Cookies verwendet, um Nutzer\/innen zus\u00e4tzliche Funktionen auf einer<br>Website zu bieten. Sie k\u00f6nnen zum Beispiel verwendet werden, um Ihnen die Navigation auf<br>der Website zu erleichtern, es Ihnen zu erm\u00f6glichen, eine Website dort weiter zu<br>verwenden, wie Sie sie verlassen haben und\/oder Ihre Pr\u00e4ferenzen und Einstellungen zu<br>speichern, wenn Sie die Website wieder besuchen. Cookies k\u00f6nnen auf keine anderen<br>Daten auf Ihrem Computer zugreifen, diese lesen oder ver\u00e4ndern.<\/li><\/ol>\n\n\n\n<p>Wenn Sie Cookies nicht akzeptieren m\u00f6chten, \u00e4ndern Sie bitte Ihre Browsereinstellung<br>entsprechend. Beachten Sie, dass dadurch Funktionalit\u00e4ten der Website eingeschr\u00e4nkt<br>werden k\u00f6nnen.<\/p>\n\n\n\n<ol class=\"wp-block-list\"><li>Ihre Rechte im Zusammenhang mit Ihren personenbezogenen Daten<br>Ihnen stehen grunds\u00e4tzlich die Rechte auf Auskunft, Berichtigung, L\u00f6schung,<br>Einschr\u00e4nkung, Daten\u00fcbertragbarkeit und Widerspruch zu. Daf\u00fcr wenden Sie sich an uns:<br>Sportunion Volleyballverein Wulzeshofen<br>2064 Wulzeshofen 315<br>ubvvw@gmx.at<br>Wenn Sie der Meinung sind, dass die Verarbeitung Ihrer Daten gegen das Datenschutzrecht<br>verst\u00f6\u00dft oder Ihre datenschutzrechtlichen Anspr\u00fcche sonst in einer Weise verletzt worden<br>sind, haben Sie die M\u00f6glichkeit sich an die Datenschutzbeh\u00f6rde zu wenden.<\/li><li>Urheberrecht<br>Der Inhalt dieser Homepage ist urheberrechtlich gesch\u00fctzt. Die Informationen sind nur f\u00fcr<br>die pers\u00f6nliche Verwendung bestimmt. Jede weitergehende Nutzung \u2013 insbesondere die<br>Speicherung in Datenbanken, die Vervielf\u00e4ltigung und jede Form von gewerblicher Nutzung<br>sowie die Weitergabe an Dritte (auch in Teilen oder in \u00fcberarbeiteter Form) \u2013 ohne<br>Zustimmung des Vereins ist untersagt.<\/li><li>Haftungsausschluss<\/li><li>\u00dcbermittlung Ihrer personenbezogenen Daten an Dritte<br>Wir setzen zur sicheren Verarbeitung Ihrer personenbezogenen Daten sowie auf unserer<br>Website auch Programme und Tools von Drittanbietern ein, mit welchen wir<br>Auftragsverarbeitungsvereinbarungen abgeschlossen und damit sichergestellt haben, dass<br>auch diese den Schutz Ihrer personenbezogenen Daten im Sinne der DSGVO<br>gew\u00e4hrleisten. Dies betrifft folgende Anbieter:<br>\u2022 Google Analytics f\u00fcr die Analyse der Websitezugriffe<\/li><\/ol>\n\n\n\n<p>Im Hinblick auf die technischen Eigenschaften des Internets kann keine Gew\u00e4hr f\u00fcr die<br>Authentizit\u00e4t, Richtigkeit und Vollst\u00e4ndigkeit der im Internet zur Verf\u00fcgung gestellten<br>Informationen \u00fcbernommen werden. Des Weiteren wird auch keine Gew\u00e4hr f\u00fcr die<br>Verf\u00fcgbarkeit oder den Betrieb der gegenst\u00e4ndlichen Homepage und ihrer Inhalte<br>\u00fcbernommen.<br>Jede Haftung f\u00fcr unmittelbare, mittelbare oder sonstige Sch\u00e4den, unabh\u00e4ngig von deren<br>Ursachen, die aus der Benutzung oder Nichtverf\u00fcgbarkeit der Daten und Informationen<br>dieser Homepage erwachsen, wird, soweit rechtlich zul\u00e4ssig, ausgeschlossen.<br>Der Verein weist darauf hin, dass f\u00fcr die Inhalte der Hyperlinks keine Verantwortung und<br>keine Haftung \u00fcbernommen wird. Jede Einbindung einzelner Seiten oder sonstiger Ausz\u00fcge<br>von www.svwulzeshofen.at in fremde Frames ist untersagt.<br>Der Verein \u00fcberpr\u00fcft andere Webseiten, zu denen sich direkte Zugangsm\u00f6glichkeiten (Links)<br>auf den Vereins-Internetseiten befinden, nicht hinsichtlich Inhalt und Gesetzm\u00e4\u00dfigkeit. Der<br>Verein \u00fcbernimmt keinen Einfluss auf die Gestaltung dieser Webseiten und distanziert sich<br>ausdr\u00fccklich von den dort dargestellten, allenfalls ungesetzlichen Inhalten. Der Verein<br>\u00fcbernimmt dar\u00fcber hinaus keine Verantwortung f\u00fcr solche Inhalte und haftet f\u00fcr derartige<br>Inhalte auch nicht.<\/p>\n","protected":false},"excerpt":{"rendered":"<p>Datenschutzerkl\u00e4rung Sportunion Volleyballverein Wulzeshofen Der Schutz Ihrer Daten ist uns wichtig. Wir wollen Sie daher an dieser Stelle dar\u00fcberinformieren, welche personenbezogenen Daten wir in unserem Verein zu welchem Zweckverarbeiten. Ihre Mitgliedschaft im VereinAls Mitglied unseres Vereins, schlie\u00dfen Sie mit uns einen \u200bMitgliedschaftsvertrag \u200bab. ZumZwecke der Erf\u00fcllung der Vereinsaufgaben gem\u00e4\u00df unseren Vereinsstatuten verarbeiten wirvon Ihnen folgende&hellip;&nbsp;<a href=\"https:\/\/www.suwulzeshofen.at\/?page_id=14\" rel=\"bookmark\"><span class=\"screen-reader-text\">Datenschutzerkl\u00e4rung<\/span><\/a><\/p>\n","protected":false},"author":1,"featured_media":0,"parent":0,"menu_order":0,"comment_status":"closed","ping_status":"closed","template":"","meta":{"pmpro_default_level":"","neve_meta_sidebar":"","neve_meta_container":"","neve_meta_enable_content_width":"","neve_meta_content_width":0,"neve_meta_title_alignment":"","neve_meta_author_avatar":"","neve_post_elements_order":"","neve_meta_disable_header":"","neve_meta_disable_footer":"","neve_meta_disable_title":"","footnotes":""},"class_list":["post-14","page","type-page","status-publish","hentry","pmpro-has-access"],"_links":{"self":[{"href":"https:\/\/www.suwulzeshofen.at\/index.php?rest_route=\/wp\/v2\/pages\/14","targetHints":{"allow":["GET"]}}],"collection":[{"href":"https:\/\/www.suwulzeshofen.at\/index.php?rest_route=\/wp\/v2\/pages"}],"about":[{"href":"https:\/\/www.suwulzeshofen.at\/index.php?rest_route=\/wp\/v2\/types\/page"}],"author":[{"embeddable":true,"href":"https:\/\/www.suwulzeshofen.at\/index.php?rest_route=\/wp\/v2\/users\/1"}],"replies":[{"embeddable":true,"href":"https:\/\/www.suwulzeshofen.at\/index.php?rest_route=%2Fwp%2Fv2%2Fcomments&post=14"}],"version-history":[{"count":1,"href":"https:\/\/www.suwulzeshofen.at\/index.php?rest_route=\/wp\/v2\/pages\/14\/revisions"}],"predecessor-version":[{"id":15,"href":"https:\/\/www.suwulzeshofen.at\/index.php?rest_route=\/wp\/v2\/pages\/14\/revisions\/15"}],"wp:attachment":[{"href":"https:\/\/www.suwulzeshofen.at\/index.php?rest_route=%2Fwp%2Fv2%2Fmedia&parent=14"}],"curies":[{"name":"wp","href":"https:\/\/api.w.org\/{rel}","templated":true}]}}