{"id":12,"date":"2020-05-19T12:49:52","date_gmt":"2020-05-19T10:49:52","guid":{"rendered":"https:\/\/www.suwulzeshofen.at\/?page_id=12"},"modified":"2020-06-19T12:21:28","modified_gmt":"2020-06-19T10:21:28","slug":"our-story","status":"publish","type":"page","link":"https:\/\/www.suwulzeshofen.at\/?page_id=12","title":{"rendered":"Our Story"},"content":{"rendered":"\n<p>Die Geschichte des Vereins beginnt im Jahre 1998. Damals trafen sich regelm\u00e4\u00dfig ein paar Leute um am Spielplatz Beachvolleyball zu spielen. Dabei kam es \u00f6fters zu Konflikten, da die Kinder im Sand spielten. Deshalb dachte man \u00fcber eine bessere L\u00f6sung nach. In diesem Jahr besuchte man auch die ersten Turniere in der Umgebung. Im Sommer 1999 wurde unter der Leitung unseres Obmannes Helmut Keck der Sportunion Volleyballverein Wulzeshofen gegr\u00fcndet. Im Oktober 1999 begannen dann die Bauarbeiten am neuen Vereinsgel\u00e4nde neben dem Sportplatz von Wulzeshofen. Das Spielfeld wurde errichtet und das Gel\u00e4nde eingez\u00e4unt. Ein alter Baucontainer diente als Ger\u00e4teschuppen. Aus dem Ger\u00e4teschuppen entwickelte sich in den n\u00e4chsten Jahren ein Vereinshaus, das im Jahre 2005 nochmals erweitert wurde. Im Sommer 2000 wurde das erste Turnier im Rahmen der Raiffeisen Beach-Series veranstaltet. Da dies ein Erfolg f\u00fcr den Verein war, nahmen wir auch in den folgenden Jahren an der Beach-Series teil. Weiterns besuchten wir viele Turniere in der Umgebung. Es konnten auch zahlreiche Erfolge verzeichnet werden. Seit dem Sommer 2010 besitzen wir eine \u00d6VV-Lizenz. Einige unserer Mitglieder haben ab diesem Zeitpunkt auch Turniere des \u00d6VV besucht. Mit Beginn der Hallensaison 2011\/2012 stellten wir auch ein Herren Team als Gastmannschaft im Bewerb E (Bewerb f\u00fcr Einsteiger) des WVV (Wiener Volleyball Verband). Sowie ein Mixed-Team in der ab J\u00e4nner 2012 startenden Weinviertel-Mixed-Volleyball-Liga. Wir sind eines der drei Gr\u00fcndungsmitglieder dieser Mixedliga. Im J\u00e4nner des Jahres 2012 \u00fcbergabe der langj\u00e4hrige Obmann Helmut Keck sein Amt an seinen Nachfolger Michael Haas. Mit einem Stopp der Sparkassen Beachtour powered by Profi gelang es uns im selben Jahr auch eine der gr\u00f6\u00dften Hobbybeachvolleyballtouren \u00d6sterreichs nach Wulzeshofen zuholen. Auch im Jahr 2013 versuchten wir uns weiter zu verbessern und gr\u00f6\u00dfer zu werden, so wurden wir ein Teil der Austrian Beachvolleyball Tour und richteten unseren ersten B-Cup (Turnier auf Semi-Pro Niveau) aus. Dies war f\u00fcr uns mit viel harter Arbeit verbunden, da es viele Auflagen wie Preisgeld, mind. Anforderungen an die Pl\u00e4tze usw. zu erf\u00fcllen galt. In dieser Turnierklasse werden in ganz \u00d6sterreich nicht mehr als 10 Turniere pro Jahr veranstaltet. In den kommenden Jahren konnten wir uns im Turnierkalender der Austrian Beachvolleyball Tour etablieren und veranstalteten 2014 und 2015 je einen B-Cup f\u00fcr Damen und einen f\u00fcr Herren. Das Jahr 2016 stand f\u00fcr uns ganz im Zeichen der Nieder\u00f6sterreichischen Landesmeisterschaften im Beachvolleyball. Wir hatten die Ehre alle Bewerbe von U14 bis U20 jeweils f\u00fcr Damen und Herren auszurichten. Dies geschah in der Zeit Mai bis Juli. Nach den Nachwuchsspieleren k\u00fchrten wir die Landesmeister in der allgemeinen Klasse, f\u00fcr Damen-, Herren- und Mixed-Teams. Auf Grund des konstanten und guten Wachstums unseres Vereins mussten wir uns Gedanken \u00fcber unsere Zukunft machen, so kam es im Herbst des Jahres 2017 dazu, dass wir das Fundament f\u00fcr unser neues Vereinshaus legten. Die Fertigstellung unseres neuen Vereinsheims war dann im Jahr 2018. Nach dem Abschluss des Projektes &#8222;neues Vereinshaus&#8220; wurde es nicht ruhiger bei uns. Wir begannen neue Trendsportarten bei uns im Verein zu integrieren. So kann man seit dem Sommer 2019 sowohl Crossnet als auch Spikeball\/Roundnet bei uns im Verein spielen. Im Winter des Jahres 2019 begannen Gespr\u00e4che zwischen dem &#8222;Sportunion Volleyballverein Wulzeshofen&#8220;, dem &#8222;Union Tennisverein Wulzeshofen&#8220; und unserem Ortsvorsteher Thomas Gruss. Welche schlie\u00dflich in der Zusammenlegung der beiden Vereine endete. Der Union Tennisverein Wulzeshofen bestand seit dem Jahr 1991 unter der Leitung von Leopold Untermayer. Somit kam es zur Umbenennung in Sportunion Wulzeshofen. Zurzeit haben wir rund 45 aktive Mitglieder.<\/p>\n","protected":false},"excerpt":{"rendered":"<p>Die Geschichte des Vereins beginnt im Jahre 1998. Damals trafen sich regelm\u00e4\u00dfig ein paar Leute um am Spielplatz Beachvolleyball zu spielen. Dabei kam es \u00f6fters zu Konflikten, da die Kinder im Sand spielten. Deshalb dachte man \u00fcber eine bessere L\u00f6sung nach. In diesem Jahr besuchte man auch die ersten Turniere in der Umgebung. Im Sommer&hellip;&nbsp;<a href=\"https:\/\/www.suwulzeshofen.at\/?page_id=12\" rel=\"bookmark\"><span class=\"screen-reader-text\">Our Story<\/span><\/a><\/p>\n","protected":false},"author":1,"featured_media":0,"parent":0,"menu_order":0,"comment_status":"closed","ping_status":"closed","template":"","meta":{"pmpro_default_level":"","neve_meta_sidebar":"","neve_meta_container":"","neve_meta_enable_content_width":"off","neve_meta_content_width":0,"neve_meta_title_alignment":"","neve_meta_author_avatar":"","neve_post_elements_order":"","neve_meta_disable_header":"","neve_meta_disable_footer":"","neve_meta_disable_title":"","footnotes":""},"class_list":["post-12","page","type-page","status-publish","hentry","pmpro-has-access"],"_links":{"self":[{"href":"https:\/\/www.suwulzeshofen.at\/index.php?rest_route=\/wp\/v2\/pages\/12","targetHints":{"allow":["GET"]}}],"collection":[{"href":"https:\/\/www.suwulzeshofen.at\/index.php?rest_route=\/wp\/v2\/pages"}],"about":[{"href":"https:\/\/www.suwulzeshofen.at\/index.php?rest_route=\/wp\/v2\/types\/page"}],"author":[{"embeddable":true,"href":"https:\/\/www.suwulzeshofen.at\/index.php?rest_route=\/wp\/v2\/users\/1"}],"replies":[{"embeddable":true,"href":"https:\/\/www.suwulzeshofen.at\/index.php?rest_route=%2Fwp%2Fv2%2Fcomments&post=12"}],"version-history":[{"count":5,"href":"https:\/\/www.suwulzeshofen.at\/index.php?rest_route=\/wp\/v2\/pages\/12\/revisions"}],"predecessor-version":[{"id":310,"href":"https:\/\/www.suwulzeshofen.at\/index.php?rest_route=\/wp\/v2\/pages\/12\/revisions\/310"}],"wp:attachment":[{"href":"https:\/\/www.suwulzeshofen.at\/index.php?rest_route=%2Fwp%2Fv2%2Fmedia&parent=12"}],"curies":[{"name":"wp","href":"https:\/\/api.w.org\/{rel}","templated":true}]}}